{"id":13,"date":"2025-02-10T08:00:00","date_gmt":"2025-02-10T07:00:00","guid":{"rendered":"http:\/\/lereveencouleurs.fr\/?page_id=13"},"modified":"2026-02-26T21:47:34","modified_gmt":"2026-02-26T20:47:34","slug":"actualites","status":"publish","type":"page","link":"http:\/\/lereveencouleurs.fr\/index.php\/actualites\/","title":{"rendered":"Actualit\u00e9s"},"content":{"rendered":"\n<p><strong>Journ\u00e9es Portes Ouvertes &#8211; Le R\u00eave en Couleurs<\/strong><br><strong>Samedi 14mars 2026 de 9h30 \u00e0 12h30<\/strong><\/p>\n\n\n\n<p>Vous souhaitez d\u00e9couvrir notre cr\u00e8che parentale et en savoir plus sur notre fonctionnement ? Nous vous invitons \u00e0 notre\u00a0<strong>Journ\u00e9e Portes Ouvertes<\/strong>\u00a0qui se tiendra le\u00a0<strong>samedi 14 mars 2025<\/strong>\u00a0de\u00a0<strong>9h30 \u00e0 12h30<\/strong>.<\/p>\n\n\n\n<p>Lors de cette matin\u00e9e, vous aurez l\u2019occasion de :<\/p>\n\n\n\n<ul class=\"wp-block-list\">\n<li>Rencontrer des parents membres de l\u2019association,<\/li>\n\n\n\n<li>\u00c9changer avec notre responsable technique,<\/li>\n\n\n\n<li>Visiter nos locaux et d\u00e9couvrir notre environnement accueillant et respectueux du rythme de l\u2019enfant,<\/li>\n\n\n\n<li>En apprendre davantage sur notre projet \u00e9ducatif et notre mode de fonctionnement en tant que cr\u00e8che parentale.<\/li>\n<\/ul>\n\n\n\n<p>C\u2019est une belle occasion de poser toutes vos questions et de mieux comprendre le r\u00f4le essentiel des parents dans la gestion de la cr\u00e8che, ainsi que les valeurs que nous partageons au quotidien.<\/p>\n\n\n\n<p>Nous serons ravis de vous accueillir et de vous faire d\u00e9couvrir notre petit coin de vie !<\/p>\n\n\n\n<p><strong>N&rsquo;h\u00e9sitez pas \u00e0 venir nombreux !<\/strong><\/p>\n\n\n\n<figure class=\"wp-block-image size-large\"><img loading=\"lazy\" decoding=\"async\" width=\"721\" height=\"1024\" src=\"http:\/\/lereveencouleurs.fr\/wp-content\/uploads\/2026\/02\/Capture-decran-2026-02-26-a-21.46.53-721x1024.png\" alt=\"Flyer invitation le r\u00eave en couleurs\" class=\"wp-image-287\" srcset=\"http:\/\/lereveencouleurs.fr\/wp-content\/uploads\/2026\/02\/Capture-decran-2026-02-26-a-21.46.53-721x1024.png 721w, http:\/\/lereveencouleurs.fr\/wp-content\/uploads\/2026\/02\/Capture-decran-2026-02-26-a-21.46.53-211x300.png 211w, http:\/\/lereveencouleurs.fr\/wp-content\/uploads\/2026\/02\/Capture-decran-2026-02-26-a-21.46.53-768x1091.png 768w, http:\/\/lereveencouleurs.fr\/wp-content\/uploads\/2026\/02\/Capture-decran-2026-02-26-a-21.46.53-1081x1536.png 1081w, http:\/\/lereveencouleurs.fr\/wp-content\/uploads\/2026\/02\/Capture-decran-2026-02-26-a-21.46.53.png 1280w\" sizes=\"auto, (max-width: 721px) 100vw, 721px\" \/><\/figure>\n","protected":false},"excerpt":{"rendered":"<p>Journ\u00e9es Portes Ouvertes &#8211; Le R\u00eave en CouleursSamedi 14mars 2026 de 9h30 \u00e0 12h30 Vous souhaitez d\u00e9couvrir notre cr\u00e8che parentale et en savoir plus sur notre fonctionnement ? Nous vous invitons \u00e0 notre\u00a0Journ\u00e9e Portes Ouvertes\u00a0qui se tiendra le\u00a0samedi 14 mars 2025\u00a0de\u00a09h30 \u00e0 12h30. Lors de cette matin\u00e9e, vous aurez l\u2019occasion de : C\u2019est une belle [&hellip;]<\/p>\n","protected":false},"author":1,"featured_media":0,"parent":0,"menu_order":0,"comment_status":"closed","ping_status":"closed","template":"","meta":{"footnotes":""},"class_list":["post-13","page","type-page","status-publish","hentry"],"jetpack_sharing_enabled":true,"_links":{"self":[{"href":"http:\/\/lereveencouleurs.fr\/index.php\/wp-json\/wp\/v2\/pages\/13","targetHints":{"allow":["GET"]}}],"collection":[{"href":"http:\/\/lereveencouleurs.fr\/index.php\/wp-json\/wp\/v2\/pages"}],"about":[{"href":"http:\/\/lereveencouleurs.fr\/index.php\/wp-json\/wp\/v2\/types\/page"}],"author":[{"embeddable":true,"href":"http:\/\/lereveencouleurs.fr\/index.php\/wp-json\/wp\/v2\/users\/1"}],"replies":[{"embeddable":true,"href":"http:\/\/lereveencouleurs.fr\/index.php\/wp-json\/wp\/v2\/comments?post=13"}],"version-history":[{"count":6,"href":"http:\/\/lereveencouleurs.fr\/index.php\/wp-json\/wp\/v2\/pages\/13\/revisions"}],"predecessor-version":[{"id":288,"href":"http:\/\/lereveencouleurs.fr\/index.php\/wp-json\/wp\/v2\/pages\/13\/revisions\/288"}],"wp:attachment":[{"href":"http:\/\/lereveencouleurs.fr\/index.php\/wp-json\/wp\/v2\/media?parent=13"}],"curies":[{"name":"wp","href":"https:\/\/api.w.org\/{rel}","templated":true}]}}