{"id":54,"date":"2022-03-10T22:57:17","date_gmt":"2022-03-10T21:57:17","guid":{"rendered":"http:\/\/lereveencouleurs.fr\/?page_id=54"},"modified":"2025-02-11T00:17:16","modified_gmt":"2025-02-10T23:17:16","slug":"qui-sommes-nous","status":"publish","type":"page","link":"http:\/\/lereveencouleurs.fr\/index.php\/qui-sommes-nous\/","title":{"rendered":"Qui sommes-nous ?"},"content":{"rendered":"\n<figure class=\"wp-block-image size-large\"><img loading=\"lazy\" decoding=\"async\" width=\"1024\" height=\"817\" src=\"http:\/\/lereveencouleurs.fr\/wp-content\/uploads\/2022\/04\/sketch1563737034555-1024x817.png\" alt=\"\" class=\"wp-image-227\" srcset=\"http:\/\/lereveencouleurs.fr\/wp-content\/uploads\/2022\/04\/sketch1563737034555-1024x817.png 1024w, http:\/\/lereveencouleurs.fr\/wp-content\/uploads\/2022\/04\/sketch1563737034555-300x239.png 300w, http:\/\/lereveencouleurs.fr\/wp-content\/uploads\/2022\/04\/sketch1563737034555-768x613.png 768w, http:\/\/lereveencouleurs.fr\/wp-content\/uploads\/2022\/04\/sketch1563737034555-1536x1225.png 1536w, http:\/\/lereveencouleurs.fr\/wp-content\/uploads\/2022\/04\/sketch1563737034555-2048x1633.png 2048w\" sizes=\"auto, (max-width: 1024px) 100vw, 1024px\" \/><\/figure>\n\n\n\n<div class=\"wp-block-columns is-layout-flex wp-container-core-columns-is-layout-9d6595d7 wp-block-columns-is-layout-flex\">\n<div class=\"wp-block-column is-layout-flow wp-block-column-is-layout-flow\">\n<p class=\"has-text-align-center\" style=\"font-size:28px\"><strong><em>Confiance<\/em><\/strong><\/p>\n<\/div>\n\n\n\n<div class=\"wp-block-column is-layout-flow wp-block-column-is-layout-flow\">\n<p class=\"has-text-align-center\" style=\"font-size:28px\"><strong><em>Autonomie<\/em><\/strong><\/p>\n<\/div>\n\n\n\n<div class=\"wp-block-column is-layout-flow wp-block-column-is-layout-flow\">\n<p class=\"has-text-align-center\" style=\"font-size:28px\"><strong><em>\u00c9quit\u00e9<\/em><\/strong><\/p>\n<\/div>\n<\/div>\n\n\n\n<div class=\"wp-block-columns is-not-stacked-on-mobile is-layout-flex wp-container-core-columns-is-layout-9d6595d7 wp-block-columns-is-layout-flex\">\n<div class=\"wp-block-column is-vertically-aligned-center is-layout-flow wp-block-column-is-layout-flow\">\n<p class=\"has-text-align-center\" style=\"font-size:28px\"><strong><em>Partage<\/em><\/strong><\/p>\n<\/div>\n\n\n\n<div class=\"wp-block-column is-vertically-aligned-center is-layout-flow wp-block-column-is-layout-flow\">\n<p class=\"has-text-align-center\" style=\"font-size:28px\"><strong><em>Solidarit\u00e9<\/em><\/strong><\/p>\n<\/div>\n<\/div>\n\n\n\n<p class=\"has-text-align-center\" style=\"font-size:28px\"><strong><em>Respect de soi, des autres et de l&rsquo;environnement<\/em><\/strong><\/p>\n\n\n\n<div style=\"height:17px\" aria-hidden=\"true\" class=\"wp-block-spacer\"><\/div>\n\n\n\n<div class=\"wp-block-media-text alignfull has-media-on-the-right is-stacked-on-mobile is-vertically-aligned-bottom\"><div class=\"wp-block-media-text__content\">\n<div style=\"height:55px\" aria-hidden=\"true\" class=\"wp-block-spacer\"><\/div>\n\n\n\n<p class=\"has-text-align-justify\" style=\"font-size:17px\">Le R\u00eave en Couleurs est une cr\u00e8che parentale et associative de 16 berceaux.<\/p>\n\n\n\n<p class=\"has-text-align-justify\" style=\"font-size:17px\">C&rsquo;est une association de loi 1901. Les parents sont les membres de l&rsquo;association. Ils assurent la gestion de la cr\u00e8che, et sont employeurs des salari\u00e9s qui y travaillent.<\/p>\n\n\n\n<p class=\"has-text-align-justify\" style=\"font-size:17px\">L&rsquo;association emploie 8 professionnelles : une cuisini\u00e8re (les repas sont confectionn\u00e9s sur place en favorisant le bio et le local), un agent d&rsquo;entretien, 2 \u00e9ducatrices de jeunes enfants (dont une responsable technique), une auxiliaire de pu\u00e9riculture, 2 animatrices petite enfance et une psychomotricienne.<\/p>\n\n\n\n<p class=\"has-text-align-justify\" style=\"font-size:17px\">Le r\u00eave en couleurs est une cr\u00e8che conviviale, respectueuse de l&rsquo;enfant et de son rythme dans un esprit de co-\u00e9ducation entre les parents et les professionnelles. C&rsquo;est un lieu de partage, autour de la parentalit\u00e9 et de la vie du quartier. C&rsquo;est un espace privil\u00e9gi\u00e9 d&rsquo;\u00e9changes et de lien social.<\/p>\n\n\n\n<p class=\"has-text-align-justify has-vivid-red-color has-text-color\" style=\"font-size:21px\">La confiance, l&rsquo;autonomie, l&rsquo;\u00e9quit\u00e9, la collaboration, le partage, la solidarit\u00e9 et le respect de soi, des autres et de l&rsquo;environnement sont les valeurs cl\u00e9s de la cr\u00e8che.<\/p>\n<\/div><figure class=\"wp-block-media-text__media\"><img loading=\"lazy\" decoding=\"async\" width=\"768\" height=\"1024\" src=\"http:\/\/lereveencouleurs.fr\/wp-content\/uploads\/2022\/03\/1647363314204-768x1024.jpg\" alt=\"\" class=\"wp-image-155 size-full\" srcset=\"http:\/\/lereveencouleurs.fr\/wp-content\/uploads\/2022\/03\/1647363314204-768x1024.jpg 768w, http:\/\/lereveencouleurs.fr\/wp-content\/uploads\/2022\/03\/1647363314204-225x300.jpg 225w, http:\/\/lereveencouleurs.fr\/wp-content\/uploads\/2022\/03\/1647363314204-1152x1536.jpg 1152w, http:\/\/lereveencouleurs.fr\/wp-content\/uploads\/2022\/03\/1647363314204-1536x2048.jpg 1536w, http:\/\/lereveencouleurs.fr\/wp-content\/uploads\/2022\/03\/1647363314204-scaled.jpg 1920w\" sizes=\"auto, (max-width: 768px) 100vw, 768px\" \/><\/figure><\/div>\n\n\n\n<p class=\"has-text-align-right\"><\/p>\n\n\n\n<p><\/p>\n\n\n\n<p class=\"has-text-align-right\"><\/p>\n\n\n\n<p class=\"has-text-align-center\"><\/p>\n\n\n\n<p><\/p>\n","protected":false},"excerpt":{"rendered":"<p>Confiance Autonomie \u00c9quit\u00e9 Partage Solidarit\u00e9 Respect de soi, des autres et de l&rsquo;environnement<\/p>\n","protected":false},"author":1,"featured_media":0,"parent":0,"menu_order":0,"comment_status":"closed","ping_status":"closed","template":"","meta":{"footnotes":""},"class_list":["post-54","page","type-page","status-publish","hentry"],"jetpack_sharing_enabled":true,"_links":{"self":[{"href":"http:\/\/lereveencouleurs.fr\/index.php\/wp-json\/wp\/v2\/pages\/54","targetHints":{"allow":["GET"]}}],"collection":[{"href":"http:\/\/lereveencouleurs.fr\/index.php\/wp-json\/wp\/v2\/pages"}],"about":[{"href":"http:\/\/lereveencouleurs.fr\/index.php\/wp-json\/wp\/v2\/types\/page"}],"author":[{"embeddable":true,"href":"http:\/\/lereveencouleurs.fr\/index.php\/wp-json\/wp\/v2\/users\/1"}],"replies":[{"embeddable":true,"href":"http:\/\/lereveencouleurs.fr\/index.php\/wp-json\/wp\/v2\/comments?post=54"}],"version-history":[{"count":26,"href":"http:\/\/lereveencouleurs.fr\/index.php\/wp-json\/wp\/v2\/pages\/54\/revisions"}],"predecessor-version":[{"id":268,"href":"http:\/\/lereveencouleurs.fr\/index.php\/wp-json\/wp\/v2\/pages\/54\/revisions\/268"}],"wp:attachment":[{"href":"http:\/\/lereveencouleurs.fr\/index.php\/wp-json\/wp\/v2\/media?parent=54"}],"curies":[{"name":"wp","href":"https:\/\/api.w.org\/{rel}","templated":true}]}}