{"id":82,"date":"2022-03-11T14:30:46","date_gmt":"2022-03-11T13:30:46","guid":{"rendered":"http:\/\/lereveencouleurs.fr\/?page_id=82"},"modified":"2024-05-14T22:22:42","modified_gmt":"2024-05-14T20:22:42","slug":"acces","status":"publish","type":"page","link":"http:\/\/lereveencouleurs.fr\/index.php\/acces\/","title":{"rendered":"Horaires et acc\u00e8s"},"content":{"rendered":"\n<p class=\"has-text-align-center has-vivid-red-color has-text-color has-medium-font-size\"><strong>La cr\u00e8che est ouverte de 8h \u00e0 18h30 du lundi au vendredi. <\/strong><\/p>\n\n\n\n<p class=\"has-text-align-center\"><strong>La cr\u00e8che ferme en g\u00e9n\u00e9ral six semaines par an <\/strong>: 4 semaines l&rsquo;\u00e9t\u00e9, une \u00e0 No\u00ebl, une \u00e0 P\u00e2ques. <\/p>\n\n\n\n<p class=\"has-text-align-center\">L&rsquo;<strong>accueil occasionnel <\/strong>est possible pour les enfants \u00e2g\u00e9s de 3 mois \u00e0 4 ans.<\/p>\n\n\n\n<div style=\"height:76px\" aria-hidden=\"true\" class=\"wp-block-spacer\"><\/div>\n\n\n\n<p class=\"has-text-align-center\"><strong>Adresse postale : <\/strong>10 rue de Vauzelles, Lyon 1er arrondissement<\/p>\n\n\n\n<figure class=\"wp-block-image size-large\"><img loading=\"lazy\" decoding=\"async\" width=\"1024\" height=\"790\" src=\"http:\/\/lereveencouleurs.fr\/wp-content\/uploads\/2022\/03\/Creche-le-reve-en-couleurs_acces-1-1024x790.png\" alt=\"\" class=\"wp-image-48\" srcset=\"http:\/\/lereveencouleurs.fr\/wp-content\/uploads\/2022\/03\/Creche-le-reve-en-couleurs_acces-1-1024x790.png 1024w, http:\/\/lereveencouleurs.fr\/wp-content\/uploads\/2022\/03\/Creche-le-reve-en-couleurs_acces-1-300x232.png 300w, http:\/\/lereveencouleurs.fr\/wp-content\/uploads\/2022\/03\/Creche-le-reve-en-couleurs_acces-1-768x593.png 768w, http:\/\/lereveencouleurs.fr\/wp-content\/uploads\/2022\/03\/Creche-le-reve-en-couleurs_acces-1.png 1314w\" sizes=\"auto, (max-width: 1024px) 100vw, 1024px\" \/><\/figure>\n","protected":false},"excerpt":{"rendered":"<p>La cr\u00e8che est ouverte de 8h \u00e0 18h30 du lundi au vendredi. La cr\u00e8che ferme en g\u00e9n\u00e9ral six semaines par an : 4 semaines l&rsquo;\u00e9t\u00e9, une \u00e0 No\u00ebl, une \u00e0 P\u00e2ques. L&rsquo;accueil occasionnel est possible pour les enfants \u00e2g\u00e9s de 3 mois \u00e0 4 ans. Adresse postale : 10 rue de Vauzelles, Lyon 1er arrondissement<\/p>\n","protected":false},"author":1,"featured_media":0,"parent":0,"menu_order":0,"comment_status":"closed","ping_status":"closed","template":"","meta":{"footnotes":""},"class_list":["post-82","page","type-page","status-publish","hentry"],"jetpack_sharing_enabled":true,"_links":{"self":[{"href":"http:\/\/lereveencouleurs.fr\/index.php\/wp-json\/wp\/v2\/pages\/82","targetHints":{"allow":["GET"]}}],"collection":[{"href":"http:\/\/lereveencouleurs.fr\/index.php\/wp-json\/wp\/v2\/pages"}],"about":[{"href":"http:\/\/lereveencouleurs.fr\/index.php\/wp-json\/wp\/v2\/types\/page"}],"author":[{"embeddable":true,"href":"http:\/\/lereveencouleurs.fr\/index.php\/wp-json\/wp\/v2\/users\/1"}],"replies":[{"embeddable":true,"href":"http:\/\/lereveencouleurs.fr\/index.php\/wp-json\/wp\/v2\/comments?post=82"}],"version-history":[{"count":6,"href":"http:\/\/lereveencouleurs.fr\/index.php\/wp-json\/wp\/v2\/pages\/82\/revisions"}],"predecessor-version":[{"id":263,"href":"http:\/\/lereveencouleurs.fr\/index.php\/wp-json\/wp\/v2\/pages\/82\/revisions\/263"}],"wp:attachment":[{"href":"http:\/\/lereveencouleurs.fr\/index.php\/wp-json\/wp\/v2\/media?parent=82"}],"curies":[{"name":"wp","href":"https:\/\/api.w.org\/{rel}","templated":true}]}}